{"id":6,"date":"2017-07-26T14:35:21","date_gmt":"2017-07-26T14:35:21","guid":{"rendered":"https:\/\/laboratoriomicucci.com.ar\/?page_id=6"},"modified":"2020-04-01T14:06:20","modified_gmt":"2020-04-01T14:06:20","slug":"home","status":"publish","type":"page","link":"https:\/\/laboratoriomicucci.com.ar\/","title":{"rendered":"Home"},"content":{"rendered":"<div id=\"modal-ready\"><div id=\"resaltado-rojo\">UN ESTRICTO CONTROL DE CALIDAD INTERNO RESPALDA NUESTROS INFORMES<\/div>\n<div id=\"resaltado-gris\">Resultados controlados<\/div>\n<p><img loading=\"lazy\" decoding=\"async\" class=\"destacada alignleft imagenHome size-medium wp-image-64\" src=\"https:\/\/laboratoriomicucci.com.ar\/wp-content\/uploads\/2017\/07\/IMG_9581-ENVIAR-300x200.jpg\" alt=\"\" width=\"300\" height=\"200\" srcset=\"https:\/\/laboratoriomicucci.com.ar\/wp-content\/uploads\/2017\/07\/IMG_9581-ENVIAR-300x200.jpg 300w, https:\/\/laboratoriomicucci.com.ar\/wp-content\/uploads\/2017\/07\/IMG_9581-ENVIAR-768x512.jpg 768w, https:\/\/laboratoriomicucci.com.ar\/wp-content\/uploads\/2017\/07\/IMG_9581-ENVIAR-1024x683.jpg 1024w\" sizes=\"auto, (max-width: 300px) 100vw, 300px\" \/><\/p>\n<p>Estamos acreditados por la Fundaci\u00f3n Bioqu\u00edmica Argentina seg\u00fan Manual MA3, el m\u00e1s exigente en est\u00e1ndares de calidad de los que ha publicado.<\/p>\n<p>En nuestro laboratorio se realiza Control de Calidad Interno en todas las determinaciones anal\u00edticas. Los resultados obtenidos son graficados y permanentemente evaluados a trav\u00e9s de cartas de progreso.<\/p>\n<p>Adem\u00e1s participamos del Programa de Evaluaci\u00f3n Externa de Calidad de la Fundaci\u00f3n Bioqu\u00edmica Argentina en las siguientes \u00e1reas: Qu\u00edmica Cl\u00ednica, Hematolog\u00eda, Inmunolog\u00eda, Bacteriolog\u00eda, Parasitolog\u00eda, Endocrinolog\u00eda y An\u00e1lisis del Semen.<\/p>\n<p>\u00a0<\/p>\n<p>Nuestro laboratorio participa tambi\u00e9n del programa INSIGHT de control de calidad externo a nivel internacional en Hematolog\u00eda. El Sistema Integral de Gesti\u00f3n del laboratorio permite lectura por sistema de C\u00f3digo de Barras de los tubos primarios de extracci\u00f3n, y comunicaci\u00f3n bidireccional con los instrumentos anal\u00edticos.<\/p>\n<p>\u00c9stos env\u00edan los resultados obtenidos al protocolo virtual del paciente, sin mediar ingreso manual de datos en la gran mayor\u00eda de los an\u00e1lisis que se realizan, lo que virtualmente evita errores por tipeo o copia de planillas, al no ser acciones operador dependientes.<\/p>\n<p>\u00a0<\/p>\n\n\n<p><\/p>\n<\/div>","protected":false},"excerpt":{"rendered":"<p>UN ESTRICTO CONTROL DE CALIDAD INTERNO RESPALDA NUESTROS INFORMES Resultados controlados Estamos acreditados por la Fundaci\u00f3n Bioqu\u00edmica Argentina seg\u00fan Manual MA3, el m\u00e1s exigente en est\u00e1ndares de calidad de los que ha publicado. En nuestro laboratorio se realiza Control de Calidad Interno en todas las determinaciones anal\u00edticas. Los resultados obtenidos son graficados y permanentemente evaluados &hellip;<\/p>\n","protected":false},"author":1,"featured_media":0,"parent":0,"menu_order":0,"comment_status":"closed","ping_status":"closed","template":"","meta":{"footnotes":""},"class_list":["post-6","page","type-page","status-publish","hentry"],"_links":{"self":[{"href":"https:\/\/laboratoriomicucci.com.ar\/index.php?rest_route=\/wp\/v2\/pages\/6","targetHints":{"allow":["GET"]}}],"collection":[{"href":"https:\/\/laboratoriomicucci.com.ar\/index.php?rest_route=\/wp\/v2\/pages"}],"about":[{"href":"https:\/\/laboratoriomicucci.com.ar\/index.php?rest_route=\/wp\/v2\/types\/page"}],"author":[{"embeddable":true,"href":"https:\/\/laboratoriomicucci.com.ar\/index.php?rest_route=\/wp\/v2\/users\/1"}],"replies":[{"embeddable":true,"href":"https:\/\/laboratoriomicucci.com.ar\/index.php?rest_route=%2Fwp%2Fv2%2Fcomments&post=6"}],"version-history":[{"count":27,"href":"https:\/\/laboratoriomicucci.com.ar\/index.php?rest_route=\/wp\/v2\/pages\/6\/revisions"}],"predecessor-version":[{"id":231,"href":"https:\/\/laboratoriomicucci.com.ar\/index.php?rest_route=\/wp\/v2\/pages\/6\/revisions\/231"}],"wp:attachment":[{"href":"https:\/\/laboratoriomicucci.com.ar\/index.php?rest_route=%2Fwp%2Fv2%2Fmedia&parent=6"}],"curies":[{"name":"wp","href":"https:\/\/api.w.org\/{rel}","templated":true}]}}