{"id":22,"date":"2017-07-26T15:21:16","date_gmt":"2017-07-26T15:21:16","guid":{"rendered":"https:\/\/laboratoriomicucci.com.ar\/?page_id=22"},"modified":"2025-08-04T12:27:23","modified_gmt":"2025-08-04T12:27:23","slug":"medicos","status":"publish","type":"page","link":"https:\/\/laboratoriomicucci.com.ar\/?page_id=22","title":{"rendered":"M\u00e9dicos"},"content":{"rendered":"<div id=\"modal-ready\"><ul class=\"medicos\">\n<li><span class=\"par\">Incorporaci\u00f3n permanente de nuevas prestaciones. <a class=\"prestaciones\" href=\"#\">Click aqu\u00ed.<\/a><\/span><\/li>\n<li><span class=\"impar\">Equipamiento y tecnolog\u00eda instrumental de avanzada. <a class=\"instrumental\" href=\"#\">Click aqu\u00ed.<\/a><\/span><\/li>\n<li><span class=\"par\">Estrictos controles de calidad. <a class=\"calidad\" href=\"#\">Click aqu\u00ed.<\/a><\/span><\/li>\n<li><span class=\"impar\">S\u00f3lida formaci\u00f3n en posgrado de los profesionales responsables. <a class=\"profesionales\" href=\"#\">Click aqu\u00ed.<\/a><\/span><\/li>\n<\/ul>\n<div id=\"resaltado-fondo-gris\">\n<div id=\"instrumental\"><strong>Equipamiento y tecnolog\u00eda instrumental de avanzada<\/strong>Nuestros equipos est\u00e1n conectados bidireccionalmente con el sistema inform\u00e1tico. Esto es: env\u00edo de informaci\u00f3n sobre pr\u00e1cticas a realizar desde el ordenador al instrumento, y devoluci\u00f3n de los resultados obtenidos al sistema, SIN MEDIAR INGRESO MANUAL DE DATOS, para la gran mayor\u00eda de los an\u00e1lisis.<\/p>\n<p><strong>Nuestros principales equipos son:<\/strong><\/p>\n<p>COBAS e 411: Este es un instrumento fabricado en Suiza que permite realizar inmunoensayos en forma totalmente automatizada por electroquimioluminiscencia , la metodolog\u00eda que a nivel mundial ha ido reemplazando al radioinmunoensayo. Nuestro laboratorio fue el primer centro en la zona en contar con equipos para inmunoensayos. Este \u00faltimo instrumento al que nuestro laboratorio ha accedido es de notable exactitud, y permite realizar un gran men\u00fa de an\u00e1lisis con RESULTADOS EN TRES HORAS.<\/p>\n<p>SYSMEX XS-1000i: Es un contador hematol\u00f3gico fabricado en Jap\u00f3n que eval\u00faa cinco par\u00e1metros, y adem\u00e1s, informa la f\u00f3rmula leucocitaria porcentual con gran precisi\u00f3n, mediante una combinaci\u00f3n de fluorometr\u00eda y citometr\u00eda de flujo. Este instrumento identifica con alarmas situaciones tales como anemias, alteraciones morfol\u00f3gicas en los eritrocitos, presencia de c\u00e9lulas anormales de la progenie hematopoy\u00e9tica, tanto de la serie roja como de la serie blanca, alteraciones en las plaquetas, etc.<\/p>\n<p>COBAS C 311: Es un autoanalizador de qu\u00edmica cl\u00ednica de \u00faltima generaci\u00f3n, con lectura completa por c\u00f3digo de barras tanto de reactivos como de tubo primario de muestra, fabricado en Jap\u00f3n . Este instrumento de gran precisi\u00f3n permite un amplio men\u00fa de pr\u00e1cticas de rutina, y mediciones por t\u00e9cnicas inmunoturbidim\u00e9tricas. Por esta t\u00e9cnica se realizan en nuestro laboratorio un amplio n\u00famero de determinaciones, entre ellas, hemoglobina glicosilada HbA1c, fructosamina, microalbuminuria, prote\u00ednas del complemento, inmunoglobulinas, PCR ultrasensible, factor reumatoideo, proteinuria.<br \/>\nTambi\u00e9n posee un amplio men\u00fa para dosaje de medicamentos.<\/p>\n<p>El COBAS C 311 es un sistema CERRADO, donde la presentaci\u00f3n de los reactivos, de origen alem\u00e1n, es en cassettes perforables, le\u00eddos directamente por el equipo, sin mediar operador.<\/p>\n<p>Microscopio LEICA con equipo de epifluorescencia por iluminaci\u00f3n LED: Este microscopio permite realizar con excelente performance las t\u00e9cnicas de inmunofluorescencia en Autoinmunidad para Anticuerpos antinucleares (FAN), anti DNA, anti endomisio, anti m\u00fasculo liso, anti mitocondriales, etc. Y en enfermedades infecciosas, como FTA Abs, enfermedad de Chagas, Toxoplasmosis y muchas m\u00e1s.<\/p>\n<p>Analizador coagulom\u00e9trico TECO: Es un analizador operador-independiente para pruebas coagulom\u00e9tricas fabricado en Alemania. Permite ingresar curvas de calibraci\u00f3n, e informa autom\u00e1ticamente el RIN para tiempo de protrombina. Permite tambi\u00e9n medir otros par\u00e1metros adem\u00e1s de las pruebas comunes de coagulaci\u00f3n, tales como fibrin\u00f3geno, tiempo de trombina, dosaje de factores, antitrombina III (pruebas no implementadas a\u00fan por nuestro laboratorio)<\/p>\n<\/div>\n<div id=\"calidad\">\n<p><strong>Estrictos controles de calidad<\/strong><\/p>\n<p>Nuestro laboratorio ha implementado desde hace muchos a\u00f1os un control de calidad interno, que es seguido por cartas de progreso, utilizando controles comerciales de probada calidad.<br \/>\nAdem\u00e1s participa del Programa de Evaluaci\u00f3n Externa de Calidad de la Fundaci\u00f3n Bioqu\u00edmica Argentina en los siguientes subprogramas: Qu\u00edmica Cl\u00ednica, Instrumental, Hematolog\u00eda, Inmunolog\u00eda, Inmunoserolog\u00eda, Proteinograma, Endocrinolog\u00eda; Parasitolog\u00eda, Bacteriolog\u00eda, Orina, y recientemente, Estudio del Semen.<br \/>\nNuestro laboratorio es LABORATORIO ACREDITADO por la Fundaci\u00f3n Bioqu\u00edmica Argentina.<br \/>\nActualmente est\u00e1 llevando adelante un control de calidad externo en Hematolog\u00eda: INSIGHT, de control interlaboratorial a nivel internacional.<\/p>\n<\/div>\n<div id=\"profesionales\">\n<p><strong>S\u00f3lida formaci\u00f3n en posgrado de los profesionales responsables<\/strong><\/p>\n<p>Ambos directores han completado su residencia en Bioqu\u00edmica Cl\u00ednica en centros de reconocido prestigio y vasta experiencia en la docencia y la investigaci\u00f3n, como son CEMIC, (Centro de Educaci\u00f3n M\u00e9dica e Investigaciones Cl\u00ednicas), y el Hospital de Cl\u00ednicas Jos\u00e9 de San Mart\u00edn.<\/p>\n<p>El Dr. Gabriel se ha orientado al \u00e1rea inmunol\u00f3gica y de autoinmunidad, habiendo sido acreedor con Medalla de Oro en Bioqu\u00edmica Cl\u00ednica al premio anual del Hospital de Cl\u00ednicas en 1998.<\/p>\n<p>El Dr. Marcelo se ha formado en Microbiolog\u00eda en CEMIC, y ha sido bacteri\u00f3logo en varios centros, entre ellos, en el Hospital Zonal de Escobar como Jefe de Servicio. Es miembro de la Asociaci\u00f3n Argentina de Microbiolog\u00eda. Adem\u00e1s, el Dr. Marcelo se ha formado en Endocrinolog\u00eda en CEMIC, y ha sido habilitado para trabajar con material radioactivo para inmunoensayos.<\/p>\n<\/div>\n<div id=\"prestaciones\">\n<p>Incorporamos permanente nuevas prestaciones.Listamos a continuaci\u00f3n las pr\u00e1cticas especiales que se realizan en nuestro propio laboratorio (ES DECIR, QUE NO SE DERIVAN), Y PUEDEN SER INFORMADAS EN EL D\u00cdA, si es REQUERIDO.<br \/>\n<strong>ENDOCRINOLOG\u00cdA TIROIDEA (por electroquimioluminiscencia de ROCHE)<\/strong><br \/>\nTSH<br \/>\nT4<br \/>\nT4 LIBRE<br \/>\nT3<br \/>\nATPO \u2013 Anti tiroperoxidasa<br \/>\nAnticuerpos Antitiroglobulina Ultrasensible<br \/>\nTRH, Prueba de<br \/>\n<strong>ENDOCRINOLOG\u00cdA REPRODUCTIVA (por electroquimioluminiscencia)<\/strong><br \/>\nPAPP-A y SUBUNIDAD BETA HCG LIBRE<br \/>\nPROLACTINA<br \/>\nLH<br \/>\nFSH<br \/>\nESTRADIOL y ESTRADIOL R\u00c1PIDO<br \/>\nSUBUNIDAD BETA HCG, Cuali y Cuantitativa<br \/>\nPROGESTERONA<br \/>\nTESTOSTERONA<\/p>\n<p><strong>ANEMIAS<\/strong><br \/>\nVITAMINA B12<br \/>\nACIDO F\u00d3LICO<br \/>\nFERRITINA<br \/>\nFERREMIA, T.I.B.C., SATURACI\u00d3N DE TRANSFERRINA<\/p>\n<p><strong>METABOLISMO DE CARBOHIDRATOS Y L\u00cdPIDOS<\/strong><br \/>\nINSULINA; CURVA DE INSULINA<br \/>\nHEMOGLOBINA GLICOSILADA por inmunoturbidimetr\u00eda<br \/>\nFRUCTOSAMINA por inmunoturbidimetr\u00eda<br \/>\nALBUMINURIA (MICROALBUMINURIA) por inmunoturbidimetr\u00eda<br \/>\nPROTEINURIA por inmunoturbidimetr\u00eda<br \/>\nCORTISOL<br \/>\nAPOLIPOPROTE\u00cdNAS A y B por inmunoturbidimetr\u00eda<br \/>\nLipoprote\u00edna (a) por inmunoturbidimetr\u00eda<br \/>\nHOMOCISTE\u00cdNA por inmunoturbidimetr\u00eda<\/p>\n<p><strong>METABOLISMO DE CALCIO Y F\u00d3SFORO<\/strong><br \/>\nPARATHORMONA<br \/>\nVITAMINA D, 25 HIDROXI<br \/>\nCROSS LAPS<br \/>\nOSTEOCALCINA<\/p>\n<p><strong>INMUNOLOG\u00cdA E INFECCIOSAS<\/strong><br \/>\nINMUNOGLOBULINA E<br \/>\nCOMPLEMENTOS C3 Y C4<br \/>\nPCR ULTRASENSIBLE por inmunoturbidimetr\u00eda<br \/>\nINMUNOGLOBULINAS por inmunoturbidimetr\u00eda<br \/>\nANTIESTREPTOLISINA O (ASTO) por inmunoturbidimetr\u00eda<br \/>\nTOXOPLASMOSIS ANTICUERPOS IgG<br \/>\nTOXOPLASMOSIS ANTICUERPOS IgM<br \/>\nANTICUERPOS ANTI HIV + ANTIGENEMIA P24<br \/>\nANT\u00cdGENO DE SUPERFICIE DE HEPATITIS B<br \/>\nANTICUERPOS ANTI HCV<br \/>\nCHAGAS electroquimioluminiscencia y hemaglutinaci\u00f3n<br \/>\nAnticuerpos anti DNA nativo<br \/>\nFACTOR REUMATOIDEO por inmunoturbidimetr\u00eda<\/p>\n<p><strong>MARCADORES ONCOL\u00d3GICOS (por electroquimioluminiscencia)<\/strong><br \/>\nANT\u00cdGENO PROST\u00c1TICO ESPEC\u00cdFICO TOTAL Y LIBRE<br \/>\nCa 15.3<br \/>\nCa 19.9<br \/>\nCa 125<br \/>\nANT\u00cdGENO CARCINOEMBRIONARIO<\/p>\n<p><strong>AN\u00c1LISIS DEL SEMEN (ESPERMOGRAMA)<\/strong><br \/>\nEspermograma b\u00e1sico (Informe seg\u00fan criterios OMS 2010)<br \/>\nSWIM \u2013 UP<br \/>\nMAR TEST<\/p>\n<\/div>\n<\/div>\n<\/div>","protected":false},"excerpt":{"rendered":"<p>Incorporaci\u00f3n permanente de nuevas prestaciones. Click aqu\u00ed. Equipamiento y tecnolog\u00eda instrumental de avanzada. Click aqu\u00ed. Estrictos controles de calidad. Click aqu\u00ed. S\u00f3lida formaci\u00f3n en posgrado de los profesionales responsables. Click aqu\u00ed. Equipamiento y tecnolog\u00eda instrumental de avanzadaNuestros equipos est\u00e1n conectados bidireccionalmente con el sistema inform\u00e1tico. Esto es: env\u00edo de informaci\u00f3n sobre pr\u00e1cticas a realizar desde &hellip;<\/p>\n","protected":false},"author":1,"featured_media":0,"parent":0,"menu_order":0,"comment_status":"closed","ping_status":"closed","template":"","meta":{"footnotes":""},"class_list":["post-22","page","type-page","status-publish","hentry"],"_links":{"self":[{"href":"https:\/\/laboratoriomicucci.com.ar\/index.php?rest_route=\/wp\/v2\/pages\/22","targetHints":{"allow":["GET"]}}],"collection":[{"href":"https:\/\/laboratoriomicucci.com.ar\/index.php?rest_route=\/wp\/v2\/pages"}],"about":[{"href":"https:\/\/laboratoriomicucci.com.ar\/index.php?rest_route=\/wp\/v2\/types\/page"}],"author":[{"embeddable":true,"href":"https:\/\/laboratoriomicucci.com.ar\/index.php?rest_route=\/wp\/v2\/users\/1"}],"replies":[{"embeddable":true,"href":"https:\/\/laboratoriomicucci.com.ar\/index.php?rest_route=%2Fwp%2Fv2%2Fcomments&post=22"}],"version-history":[{"count":31,"href":"https:\/\/laboratoriomicucci.com.ar\/index.php?rest_route=\/wp\/v2\/pages\/22\/revisions"}],"predecessor-version":[{"id":307,"href":"https:\/\/laboratoriomicucci.com.ar\/index.php?rest_route=\/wp\/v2\/pages\/22\/revisions\/307"}],"wp:attachment":[{"href":"https:\/\/laboratoriomicucci.com.ar\/index.php?rest_route=%2Fwp%2Fv2%2Fmedia&parent=22"}],"curies":[{"name":"wp","href":"https:\/\/api.w.org\/{rel}","templated":true}]}}