{"id":20,"date":"2017-07-26T15:20:12","date_gmt":"2017-07-26T15:20:12","guid":{"rendered":"https:\/\/laboratoriomicucci.com.ar\/?page_id=20"},"modified":"2021-10-01T16:50:16","modified_gmt":"2021-10-01T16:50:16","slug":"analisis","status":"publish","type":"page","link":"https:\/\/laboratoriomicucci.com.ar\/?page_id=20","title":{"rendered":"An\u00e1lisis"},"content":{"rendered":"<div id=\"modal-ready\"><p>Si debe realizarse an\u00e1lisis de sangre es importante tener en cuenta la preparaci\u00f3n previa a cada extracci\u00f3n. Mediante un \u201cclick\u201d sobre los estudios solicitados por el m\u00e9dico usted puede descargar las instrucciones correspondientes.<\/p>\n<div id=\"resaltado-fondo-gris\">\n<ol>\n<li>ACIDO OXALICO EN ORINA DE 24 HS\u00a0<a href=\"https:\/\/laboratoriomicucci.com.ar\/wp-content\/themes\/bootstrap-basic\/img\/indicaciones\/uno_a_uno\/Acido oxalico en orina.pdf\" target=\"_blank\" rel=\"noopener noreferrer\">(Click para ver)<\/a><\/li>\n<li>ACIDO VAINILLIN MANDELICO\u00a0<a href=\"https:\/\/laboratoriomicucci.com.ar\/wp-content\/themes\/bootstrap-basic\/img\/indicaciones\/uno_a_uno\/Acido vainillin mandelico.pdf\" target=\"_blank\" rel=\"noopener noreferrer\">(Click para ver)<\/a><\/li>\n<li>ALBUMINURIA (MICROALBUMINURIA)\u00a0<a href=\"https:\/\/laboratoriomicucci.com.ar\/wp-content\/themes\/bootstrap-basic\/img\/indicaciones\/uno_a_uno\/MICROALBUMINURIA.pdf\" target=\"_blank\" rel=\"noopener noreferrer\">(Click para ver)<\/a><\/li>\n<li>ALDOSTERONA\u00a0<a href=\"https:\/\/laboratoriomicucci.com.ar\/wp-content\/themes\/bootstrap-basic\/img\/indicaciones\/uno_a_uno\/Aldosterona.pdf\" target=\"_blank\" rel=\"noopener noreferrer\">(Click para ver)<\/a><\/li>\n<li>ANDROSTENODIONA\u00a0<a href=\"https:\/\/laboratoriomicucci.com.ar\/wp-content\/themes\/bootstrap-basic\/img\/indicaciones\/uno_a_uno\/Androstenodiona.pdf\" target=\"_blank\" rel=\"noopener noreferrer\">(Click para ver)<\/a><\/li>\n<li>CARBAMACEPINA\u00a0<a href=\"https:\/\/laboratoriomicucci.com.ar\/wp-content\/themes\/bootstrap-basic\/img\/indicaciones\/uno_a_uno\/Carbamacepina.pdf\" target=\"_blank\" rel=\"noopener noreferrer\">(Click para ver)<\/a><\/li>\n<li>CLEARENCE DE CREATININA \u00a0<a href=\"https:\/\/laboratoriomicucci.com.ar\/wp-content\/themes\/bootstrap-basic\/img\/indicaciones\/uno_a_uno\/Clearence%20de%20creatinina.pdf\" target=\"_blank\" rel=\"noopener noreferrer\">(Click para ver)<\/a><\/li>\n<li>COPROCULTIVO\u00a0<a href=\"https:\/\/laboratoriomicucci.com.ar\/wp-content\/themes\/bootstrap-basic\/img\/indicaciones\/uno_a_uno\/Coprocultivo.pdf\" target=\"_blank\" rel=\"noopener noreferrer\">(Click para ver)<\/a><\/li>\n<li>CORTISOL LIBRE URINARIO\u00a0<a href=\"https:\/\/laboratoriomicucci.com.ar\/wp-content\/themes\/bootstrap-basic\/img\/indicaciones\/uno_a_uno\/Cortisol libre urinario.pdf\" target=\"_blank\" rel=\"noopener noreferrer\">(Click para ver)<\/a><\/li>\n<li>CORTISOL MATINAL\u00a0<a href=\"https:\/\/laboratoriomicucci.com.ar\/wp-content\/themes\/bootstrap-basic\/img\/indicaciones\/uno_a_uno\/Cortisol matinal.pdf\" target=\"_blank\" rel=\"noopener noreferrer\">(Click para ver)<\/a><\/li>\n<li>CORTISOL SALIVAL\u00a0<a href=\"https:\/\/laboratoriomicucci.com.ar\/wp-content\/themes\/bootstrap-basic\/img\/indicaciones\/uno_a_uno\/Cortisol salival.pdf\" target=\"_blank\" rel=\"noopener noreferrer\">(Click para ver)<\/a><\/li>\n<li>CORTISOL VESPERTINO\u00a0<a href=\"https:\/\/laboratoriomicucci.com.ar\/wp-content\/themes\/bootstrap-basic\/img\/indicaciones\/uno_a_uno\/Cortisol vespertino.pdf\" target=\"_blank\" rel=\"noopener noreferrer\">(Click para ver)<\/a><\/li>\n<li>CULTIVO DE ESPUTO \/ BAAR\u00a0<a href=\"https:\/\/laboratoriomicucci.com.ar\/wp-content\/themes\/bootstrap-basic\/img\/indicaciones\/uno_a_uno\/Cultivo%20de%20esputo.pdf\" target=\"_blank\" rel=\"noopener noreferrer\">(Click para ver)<\/a><\/li>\n<li>CULTIVO DE FLUJO\u00a0<a href=\"https:\/\/laboratoriomicucci.com.ar\/wp-content\/themes\/bootstrap-basic\/img\/indicaciones\/uno_a_uno\/Cultivo%20de%20flujo.pdf\" target=\"_blank\" rel=\"noopener noreferrer\">(Click para ver)<\/a><\/li>\n<li>CULTIVO DE SEMEN <a href=\"https:\/\/laboratoriomicucci.com.ar\/wp-content\/themes\/bootstrap-basic\/img\/indicaciones\/uno_a_uno\/cultivo de semen.pdf\" target=\"_blank\" rel=\"noopener noreferrer\">(Click para ver)<\/a><\/li>\n<li>CULTIVO URETRAL <a href=\"https:\/\/laboratoriomicucci.com.ar\/wp-content\/themes\/bootstrap-basic\/img\/indicaciones\/uno_a_uno\/cultivo uretral.pdf\" target=\"_blank\" rel=\"noopener noreferrer\">(Click para ver)<\/a><\/li>\n<li>ESPERMOCULTIVO\u00a0<a href=\"https:\/\/laboratoriomicucci.com.ar\/wp-content\/themes\/bootstrap-basic\/img\/indicaciones\/uno_a_uno\/espermocultivo.pdf\" target=\"_blank\" rel=\"noopener noreferrer\">(Click para ver)<\/a><\/li>\n<li>ESPERMOGRAMA <a href=\"https:\/\/laboratoriomicucci.com.ar\/wp-content\/themes\/bootstrap-basic\/img\/indicaciones\/uno_a_uno\/espermograma.pdf\" target=\"_blank\" rel=\"noopener noreferrer\">(Click para ver)<\/a><\/li>\n<li>ESTRADIOL\u00a0<a href=\"https:\/\/laboratoriomicucci.com.ar\/wp-content\/themes\/bootstrap-basic\/img\/indicaciones\/uno_a_uno\/Estradiol.pdf\" target=\"_blank\" rel=\"noopener noreferrer\">(Click para ver)<\/a><\/li>\n<li>ESTUDIO MICOLOGICO\u00a0<a href=\"https:\/\/laboratoriomicucci.com.ar\/wp-content\/themes\/bootstrap-basic\/img\/indicaciones\/uno_a_uno\/Estudio%20Micologico.pdf\" target=\"_blank\" rel=\"noopener noreferrer\">(Click para ver)<\/a><\/li>\n<li>ESTUDIO PARASITOL\u00d3GICO SERIADO DE MATERIA FECAL<a href=\"https:\/\/laboratoriomicucci.com.ar\/wp-content\/themes\/bootstrap-basic\/img\/indicaciones\/uno_a_uno\/parasitologico.pdf\" target=\"_blank\" rel=\"noopener noreferrer\">(Click para ver)<\/a><\/li>\n<li>FSH\u00a0<a href=\"https:\/\/laboratoriomicucci.com.ar\/wp-content\/themes\/bootstrap-basic\/img\/indicaciones\/uno_a_uno\/FSH.pdf\" target=\"_blank\" rel=\"noopener noreferrer\">(Click para ver)<\/a><\/li>\n<li>HIDROXIPROGESTERONA\u00a0<a href=\"https:\/\/laboratoriomicucci.com.ar\/wp-content\/themes\/bootstrap-basic\/img\/indicaciones\/uno_a_uno\/Hidroxiprogesterona.pdf\" target=\"_blank\" rel=\"noopener noreferrer\">(Click para ver)<\/a><\/li>\n<li>IONOGRAMA EN ORINA\u00a0<a href=\"https:\/\/laboratoriomicucci.com.ar\/wp-content\/themes\/bootstrap-basic\/img\/indicaciones\/uno_a_uno\/IONOGRAMA%20EN%20ORINA.pdf\" target=\"_blank\" rel=\"noopener noreferrer\">(Click para ver)<\/a><\/li>\n<li>LH\u00a0<a href=\"https:\/\/laboratoriomicucci.com.ar\/wp-content\/themes\/bootstrap-basic\/img\/indicaciones\/uno_a_uno\/LH.pdf\" target=\"_blank\" rel=\"noopener noreferrer\">(Click para ver)<\/a><\/li>\n<li>PRIMER CHORRO DE ORINA <a href=\"https:\/\/laboratoriomicucci.com.ar\/wp-content\/themes\/bootstrap-basic\/img\/indicaciones\/uno_a_uno\/primer chorro de orina.pdf\" target=\"_blank\" rel=\"noopener noreferrer\">(Click para ver)<\/a><\/li>\n<li>PRUEBA DE TOLERANCIA ORAL A LA GLUCOSA\u00a0<a href=\"https:\/\/laboratoriomicucci.com.ar\/wp-content\/themes\/bootstrap-basic\/img\/indicaciones\/uno_a_uno\/tolerancia_a_la_glucosa.pdf\" target=\"_blank\" rel=\"noopener noreferrer\">(Click para ver)<\/a><\/li>\n<li>RECUENTO DE ADDIS\u00a0<a href=\"https:\/\/laboratoriomicucci.com.ar\/wp-content\/themes\/bootstrap-basic\/img\/indicaciones\/uno_a_uno\/recuento_de_addis.pdf\" target=\"_blank\" rel=\"noopener noreferrer\">(Click para ver)<\/a><\/li>\n<li>TEST DE GRAHAM (ESCOBILLADO ANAL)\u00a0<a href=\"https:\/\/laboratoriomicucci.com.ar\/wp-content\/themes\/bootstrap-basic\/img\/indicaciones\/uno_a_uno\/Test%20de%20Graham.pdf\" target=\"_blank\" rel=\"noopener noreferrer\">(Click para ver)<\/a><\/li>\n<li>UROCULTIVO\u00a0<a href=\"https:\/\/laboratoriomicucci.com.ar\/wp-content\/themes\/bootstrap-basic\/img\/indicaciones\/uno_a_uno\/urocultivo.pdf\" target=\"_blank\" rel=\"noopener noreferrer\">(Click para ver)<\/a><\/li>\n<\/ol>\n<\/div>\n<div id=\"resaltado-rojo\">RECUERDE SIEMPRE:<\/div>\n<div id=\"recuadro-rojo\">Seg\u00fan su cobertura m\u00e9dica, hay estudios que pueden requerir autorizaci\u00f3n previa, e incluso algunos pueden no ser cubiertos por la misma. En todos los casos, deber\u00e1 concurrir con las \u00f3rdenes debidamente autorizadas. Ante cualquier duda, consultar a trav\u00e9s de los medios de contacto detallados a la izquierda.<\/div>\n<\/div>","protected":false},"excerpt":{"rendered":"<p>Si debe realizarse an\u00e1lisis de sangre es importante tener en cuenta la preparaci\u00f3n previa a cada extracci\u00f3n. Mediante un \u201cclick\u201d sobre los estudios solicitados por el m\u00e9dico usted puede descargar las instrucciones correspondientes. ACIDO OXALICO EN ORINA DE 24 HS\u00a0(Click para ver) ACIDO VAINILLIN MANDELICO\u00a0(Click para ver) ALBUMINURIA (MICROALBUMINURIA)\u00a0(Click para ver) ALDOSTERONA\u00a0(Click para ver) ANDROSTENODIONA\u00a0(Click &hellip;<\/p>\n","protected":false},"author":1,"featured_media":0,"parent":0,"menu_order":0,"comment_status":"closed","ping_status":"closed","template":"","meta":{"footnotes":""},"class_list":["post-20","page","type-page","status-publish","hentry"],"_links":{"self":[{"href":"https:\/\/laboratoriomicucci.com.ar\/index.php?rest_route=\/wp\/v2\/pages\/20","targetHints":{"allow":["GET"]}}],"collection":[{"href":"https:\/\/laboratoriomicucci.com.ar\/index.php?rest_route=\/wp\/v2\/pages"}],"about":[{"href":"https:\/\/laboratoriomicucci.com.ar\/index.php?rest_route=\/wp\/v2\/types\/page"}],"author":[{"embeddable":true,"href":"https:\/\/laboratoriomicucci.com.ar\/index.php?rest_route=\/wp\/v2\/users\/1"}],"replies":[{"embeddable":true,"href":"https:\/\/laboratoriomicucci.com.ar\/index.php?rest_route=%2Fwp%2Fv2%2Fcomments&post=20"}],"version-history":[{"count":8,"href":"https:\/\/laboratoriomicucci.com.ar\/index.php?rest_route=\/wp\/v2\/pages\/20\/revisions"}],"predecessor-version":[{"id":265,"href":"https:\/\/laboratoriomicucci.com.ar\/index.php?rest_route=\/wp\/v2\/pages\/20\/revisions\/265"}],"wp:attachment":[{"href":"https:\/\/laboratoriomicucci.com.ar\/index.php?rest_route=%2Fwp%2Fv2%2Fmedia&parent=20"}],"curies":[{"name":"wp","href":"https:\/\/api.w.org\/{rel}","templated":true}]}}